{"id":30,"date":"2023-12-23T09:26:11","date_gmt":"2023-12-23T08:26:11","guid":{"rendered":"https:\/\/circuitsderando.com\/tourmontblanc\/?page_id=30"},"modified":"2025-12-07T16:53:57","modified_gmt":"2025-12-07T15:53:57","slug":"ravitaillement","status":"publish","type":"page","link":"https:\/\/circuitsderando.com\/tourmontblanc\/ravitaillement\/","title":{"rendered":"Ravitaillement"},"content":{"rendered":"\n<div class=\"wp-block-columns is-layout-flex wp-container-core-columns-is-layout-9d6595d7 wp-block-columns-is-layout-flex\">\n<div class=\"wp-block-column is-layout-flow wp-block-column-is-layout-flow\">\n<p><strong>Les Houches<\/strong><\/p>\n<\/div>\n\n\n\n<div class=\"wp-block-column is-layout-flow wp-block-column-is-layout-flow\">\n<p>Divers commerces<\/p>\n<\/div>\n<\/div>\n\n\n\n<div class=\"wp-block-columns is-layout-flex wp-container-core-columns-is-layout-9d6595d7 wp-block-columns-is-layout-flex\">\n<div class=\"wp-block-column is-layout-flow wp-block-column-is-layout-flow\">\n<p><strong>Les Contamines<\/strong><\/p>\n<\/div>\n\n\n\n<div class=\"wp-block-column is-layout-flow wp-block-column-is-layout-flow\">\n<p>Camping Le Pontet<br>Vente \u00e0 Emporter :<br>&#8211; Salades Pr\u00e9par\u00e9es en conserve<br>&#8211; Barres de C\u00e9reales ou barres chocolat\u00e9es.<br>&#8211; Boissons<br>&#8211; Pain<\/p>\n<\/div>\n<\/div>\n\n\n\n<div class=\"wp-block-columns is-layout-flex wp-container-core-columns-is-layout-9d6595d7 wp-block-columns-is-layout-flex\">\n<div class=\"wp-block-column is-layout-flow wp-block-column-is-layout-flow\">\n<p><strong>Courmayeur<\/strong><\/p>\n<\/div>\n\n\n\n<div class=\"wp-block-column is-layout-flow wp-block-column-is-layout-flow\">\n<p>Supermarch\u00e9<br>A l&rsquo;entr\u00e9e de la ville.<br>Toute alimentation.<\/p>\n<\/div>\n<\/div>\n\n\n\n<div class=\"wp-block-columns is-layout-flex wp-container-core-columns-is-layout-9d6595d7 wp-block-columns-is-layout-flex\">\n<div class=\"wp-block-column is-layout-flow wp-block-column-is-layout-flow\">\n<p><strong>Camping Val Veni<\/strong><\/p>\n<\/div>\n\n\n\n<div class=\"wp-block-column is-layout-flow wp-block-column-is-layout-flow\">\n<p>Epicerie<br>Petite Epic\u00e9rie \u00e0 l&rsquo;entr\u00e9e du Camping<br>Ouvert jusqu&rsquo;a 19h00.<\/p>\n<\/div>\n<\/div>\n\n\n\n<div class=\"wp-block-columns is-layout-flex wp-container-core-columns-is-layout-9d6595d7 wp-block-columns-is-layout-flex\">\n<div class=\"wp-block-column is-layout-flow wp-block-column-is-layout-flow\">\n<p><strong>La Fouly<\/strong><\/p>\n<\/div>\n\n\n\n<div class=\"wp-block-column is-layout-flow wp-block-column-is-layout-flow\">\n<p>Supermarch\u00e9<br>Ouvert de 9h00 \u00e0 12h00 et de 14h00 \u00e0 18h00<\/p>\n<\/div>\n<\/div>\n\n\n\n<div class=\"wp-block-columns is-layout-flex wp-container-core-columns-is-layout-9d6595d7 wp-block-columns-is-layout-flex\">\n<div class=\"wp-block-column is-layout-flow wp-block-column-is-layout-flow\">\n<p><strong>Champex<\/strong><\/p>\n<\/div>\n\n\n\n<div class=\"wp-block-column is-layout-flow wp-block-column-is-layout-flow\">\n<p>Supermarch\u00e9<br>en face du Lac de Champex<\/p>\n<\/div>\n<\/div>\n\n\n\n<div class=\"wp-block-columns is-layout-flex wp-container-core-columns-is-layout-9d6595d7 wp-block-columns-is-layout-flex\">\n<div class=\"wp-block-column is-layout-flow wp-block-column-is-layout-flow\">\n<p><strong>Chamonix-Mont-Blanc<\/strong><\/p>\n<\/div>\n\n\n\n<div class=\"wp-block-column is-layout-flow wp-block-column-is-layout-flow\">\n<p>Divers commerces<\/p>\n<\/div>\n<\/div>\n","protected":false},"excerpt":{"rendered":"<p>Les Houches Divers commerces Les Contamines Camping Le PontetVente \u00e0 Emporter :&#8211; Salades Pr\u00e9par\u00e9es en conserve&#8211; Barres de C\u00e9reales ou barres chocolat\u00e9es.&#8211; Boissons&#8211; Pain Courmayeur Supermarch\u00e9A l&rsquo;entr\u00e9e de la ville.Toute alimentation. Camping Val Veni EpiceriePetite Epic\u00e9rie \u00e0 l&rsquo;entr\u00e9e du CampingOuvert jusqu&rsquo;a 19h00. La Fouly Supermarch\u00e9Ouvert de 9h00 \u00e0 12h00 et de 14h00 \u00e0 18h00 Champex [&hellip;]<\/p>\n","protected":false},"author":1,"featured_media":0,"parent":0,"menu_order":0,"comment_status":"closed","ping_status":"closed","template":"templates\/full-width-page.php","meta":{"footnotes":""},"class_list":["post-30","page","type-page","status-publish","hentry"],"yoast_head":"<!-- This site is optimized with the Yoast SEO plugin v26.5 - https:\/\/yoast.com\/wordpress\/plugins\/seo\/ -->\n<title>Ravitaillement - Tour du Mont Blanc<\/title>\n<meta name=\"description\" content=\"Tour du Mont Blanc entre la France, l&#039;Italie et la Suisse. Col de la Seigne Courmayeur Champex Argenti\u00e8re Les Houches - Ravitaillement\" \/>\n<meta name=\"robots\" content=\"index, follow, max-snippet:-1, max-image-preview:large, max-video-preview:-1\" \/>\n<link rel=\"canonical\" href=\"https:\/\/circuitsderando.com\/tourmontblanc\/ravitaillement\/\" \/>\n<meta property=\"og:locale\" content=\"fr_FR\" \/>\n<meta property=\"og:type\" content=\"article\" \/>\n<meta property=\"og:title\" content=\"Ravitaillement - Tour du Mont Blanc\" \/>\n<meta property=\"og:description\" content=\"Tour du Mont Blanc entre la France, l&#039;Italie et la Suisse. Col de la Seigne Courmayeur Champex Argenti\u00e8re Les Houches - Ravitaillement\" \/>\n<meta property=\"og:url\" content=\"https:\/\/circuitsderando.com\/tourmontblanc\/ravitaillement\/\" \/>\n<meta property=\"og:site_name\" content=\"Tour du Mont Blanc\" \/>\n<meta property=\"article:modified_time\" content=\"2025-12-07T15:53:57+00:00\" \/>\n<meta name=\"twitter:card\" content=\"summary_large_image\" \/>\n<meta name=\"twitter:label1\" content=\"Dur\u00e9e de lecture estim\u00e9e\" \/>\n\t<meta name=\"twitter:data1\" content=\"1 minute\" \/>\n<script type=\"application\/ld+json\" class=\"yoast-schema-graph\">{\"@context\":\"https:\/\/schema.org\",\"@graph\":[{\"@type\":\"WebPage\",\"@id\":\"https:\/\/circuitsderando.com\/tourmontblanc\/ravitaillement\/\",\"url\":\"https:\/\/circuitsderando.com\/tourmontblanc\/ravitaillement\/\",\"name\":\"Ravitaillement - Tour du Mont Blanc\",\"isPartOf\":{\"@id\":\"https:\/\/circuitsderando.com\/tourmontblanc\/#website\"},\"datePublished\":\"2023-12-23T08:26:11+00:00\",\"dateModified\":\"2025-12-07T15:53:57+00:00\",\"description\":\"Tour du Mont Blanc entre la France, l'Italie et la Suisse. Col de la Seigne Courmayeur Champex Argenti\u00e8re Les Houches - Ravitaillement\",\"breadcrumb\":{\"@id\":\"https:\/\/circuitsderando.com\/tourmontblanc\/ravitaillement\/#breadcrumb\"},\"inLanguage\":\"fr-FR\",\"potentialAction\":[{\"@type\":\"ReadAction\",\"target\":[\"https:\/\/circuitsderando.com\/tourmontblanc\/ravitaillement\/\"]}]},{\"@type\":\"BreadcrumbList\",\"@id\":\"https:\/\/circuitsderando.com\/tourmontblanc\/ravitaillement\/#breadcrumb\",\"itemListElement\":[{\"@type\":\"ListItem\",\"position\":1,\"name\":\"Tour du Mont Blanc\",\"item\":\"https:\/\/circuitsderando.com\/tourmontblanc\/\"},{\"@type\":\"ListItem\",\"position\":2,\"name\":\"Ravitaillement\"}]},{\"@type\":\"WebSite\",\"@id\":\"https:\/\/circuitsderando.com\/tourmontblanc\/#website\",\"url\":\"https:\/\/circuitsderando.com\/tourmontblanc\/\",\"name\":\"Tour du Mont Blanc\",\"description\":\"\",\"publisher\":{\"@id\":\"https:\/\/circuitsderando.com\/tourmontblanc\/#organization\"},\"potentialAction\":[{\"@type\":\"SearchAction\",\"target\":{\"@type\":\"EntryPoint\",\"urlTemplate\":\"https:\/\/circuitsderando.com\/tourmontblanc\/?s={search_term_string}\"},\"query-input\":{\"@type\":\"PropertyValueSpecification\",\"valueRequired\":true,\"valueName\":\"search_term_string\"}}],\"inLanguage\":\"fr-FR\"},{\"@type\":\"Organization\",\"@id\":\"https:\/\/circuitsderando.com\/tourmontblanc\/#organization\",\"name\":\"Tour du Mont Blanc\",\"url\":\"https:\/\/circuitsderando.com\/tourmontblanc\/\",\"logo\":{\"@type\":\"ImageObject\",\"inLanguage\":\"fr-FR\",\"@id\":\"https:\/\/circuitsderando.com\/tourmontblanc\/#\/schema\/logo\/image\/\",\"url\":\"https:\/\/circuitsderando.com\/tourmontblanc\/wp-content\/uploads\/2023\/12\/carte.gif\",\"contentUrl\":\"https:\/\/circuitsderando.com\/tourmontblanc\/wp-content\/uploads\/2023\/12\/carte.gif\",\"width\":400,\"height\":400,\"caption\":\"Tour du Mont Blanc\"},\"image\":{\"@id\":\"https:\/\/circuitsderando.com\/tourmontblanc\/#\/schema\/logo\/image\/\"}}]}<\/script>\n<!-- \/ Yoast SEO plugin. -->","yoast_head_json":{"title":"Ravitaillement - Tour du Mont Blanc","description":"Tour du Mont Blanc entre la France, l'Italie et la Suisse. Col de la Seigne Courmayeur Champex Argenti\u00e8re Les Houches - Ravitaillement","robots":{"index":"index","follow":"follow","max-snippet":"max-snippet:-1","max-image-preview":"max-image-preview:large","max-video-preview":"max-video-preview:-1"},"canonical":"https:\/\/circuitsderando.com\/tourmontblanc\/ravitaillement\/","og_locale":"fr_FR","og_type":"article","og_title":"Ravitaillement - Tour du Mont Blanc","og_description":"Tour du Mont Blanc entre la France, l'Italie et la Suisse. Col de la Seigne Courmayeur Champex Argenti\u00e8re Les Houches - Ravitaillement","og_url":"https:\/\/circuitsderando.com\/tourmontblanc\/ravitaillement\/","og_site_name":"Tour du Mont Blanc","article_modified_time":"2025-12-07T15:53:57+00:00","twitter_card":"summary_large_image","twitter_misc":{"Dur\u00e9e de lecture estim\u00e9e":"1 minute"},"schema":{"@context":"https:\/\/schema.org","@graph":[{"@type":"WebPage","@id":"https:\/\/circuitsderando.com\/tourmontblanc\/ravitaillement\/","url":"https:\/\/circuitsderando.com\/tourmontblanc\/ravitaillement\/","name":"Ravitaillement - Tour du Mont Blanc","isPartOf":{"@id":"https:\/\/circuitsderando.com\/tourmontblanc\/#website"},"datePublished":"2023-12-23T08:26:11+00:00","dateModified":"2025-12-07T15:53:57+00:00","description":"Tour du Mont Blanc entre la France, l'Italie et la Suisse. Col de la Seigne Courmayeur Champex Argenti\u00e8re Les Houches - Ravitaillement","breadcrumb":{"@id":"https:\/\/circuitsderando.com\/tourmontblanc\/ravitaillement\/#breadcrumb"},"inLanguage":"fr-FR","potentialAction":[{"@type":"ReadAction","target":["https:\/\/circuitsderando.com\/tourmontblanc\/ravitaillement\/"]}]},{"@type":"BreadcrumbList","@id":"https:\/\/circuitsderando.com\/tourmontblanc\/ravitaillement\/#breadcrumb","itemListElement":[{"@type":"ListItem","position":1,"name":"Tour du Mont Blanc","item":"https:\/\/circuitsderando.com\/tourmontblanc\/"},{"@type":"ListItem","position":2,"name":"Ravitaillement"}]},{"@type":"WebSite","@id":"https:\/\/circuitsderando.com\/tourmontblanc\/#website","url":"https:\/\/circuitsderando.com\/tourmontblanc\/","name":"Tour du Mont Blanc","description":"","publisher":{"@id":"https:\/\/circuitsderando.com\/tourmontblanc\/#organization"},"potentialAction":[{"@type":"SearchAction","target":{"@type":"EntryPoint","urlTemplate":"https:\/\/circuitsderando.com\/tourmontblanc\/?s={search_term_string}"},"query-input":{"@type":"PropertyValueSpecification","valueRequired":true,"valueName":"search_term_string"}}],"inLanguage":"fr-FR"},{"@type":"Organization","@id":"https:\/\/circuitsderando.com\/tourmontblanc\/#organization","name":"Tour du Mont Blanc","url":"https:\/\/circuitsderando.com\/tourmontblanc\/","logo":{"@type":"ImageObject","inLanguage":"fr-FR","@id":"https:\/\/circuitsderando.com\/tourmontblanc\/#\/schema\/logo\/image\/","url":"https:\/\/circuitsderando.com\/tourmontblanc\/wp-content\/uploads\/2023\/12\/carte.gif","contentUrl":"https:\/\/circuitsderando.com\/tourmontblanc\/wp-content\/uploads\/2023\/12\/carte.gif","width":400,"height":400,"caption":"Tour du Mont Blanc"},"image":{"@id":"https:\/\/circuitsderando.com\/tourmontblanc\/#\/schema\/logo\/image\/"}}]}},"_links":{"self":[{"href":"https:\/\/circuitsderando.com\/tourmontblanc\/wp-json\/wp\/v2\/pages\/30","targetHints":{"allow":["GET"]}}],"collection":[{"href":"https:\/\/circuitsderando.com\/tourmontblanc\/wp-json\/wp\/v2\/pages"}],"about":[{"href":"https:\/\/circuitsderando.com\/tourmontblanc\/wp-json\/wp\/v2\/types\/page"}],"author":[{"embeddable":true,"href":"https:\/\/circuitsderando.com\/tourmontblanc\/wp-json\/wp\/v2\/users\/1"}],"replies":[{"embeddable":true,"href":"https:\/\/circuitsderando.com\/tourmontblanc\/wp-json\/wp\/v2\/comments?post=30"}],"version-history":[{"count":8,"href":"https:\/\/circuitsderando.com\/tourmontblanc\/wp-json\/wp\/v2\/pages\/30\/revisions"}],"predecessor-version":[{"id":273,"href":"https:\/\/circuitsderando.com\/tourmontblanc\/wp-json\/wp\/v2\/pages\/30\/revisions\/273"}],"wp:attachment":[{"href":"https:\/\/circuitsderando.com\/tourmontblanc\/wp-json\/wp\/v2\/media?parent=30"}],"curies":[{"name":"wp","href":"https:\/\/api.w.org\/{rel}","templated":true}]}}