{"id":24,"date":"2023-12-23T09:24:25","date_gmt":"2023-12-23T08:24:25","guid":{"rendered":"https:\/\/circuitsderando.com\/tourmontblanc\/?page_id=24"},"modified":"2025-12-07T16:51:30","modified_gmt":"2025-12-07T15:51:30","slug":"tre-le-champ-la-flegere","status":"publish","type":"page","link":"https:\/\/circuitsderando.com\/tourmontblanc\/tre-le-champ-la-flegere\/","title":{"rendered":"Etape 9 : Tr\u00e9 le Champ &#8211; La Fl\u00e9g\u00e8re"},"content":{"rendered":"\n<div class=\"wp-block-columns is-layout-flex wp-container-core-columns-is-layout-9d6595d7 wp-block-columns-is-layout-flex\">\n<div class=\"wp-block-column is-layout-flow wp-block-column-is-layout-flow\">\n<figure class=\"wp-block-image size-full\"><a href=\"https:\/\/circuitsderando.com\/tourmontblanc\/wp-content\/uploads\/2023\/12\/2003-06-27_06-38-28-maison-tre-le-champ.jpg\" target=\"_blank\" rel=\"noreferrer noopener\"><img loading=\"lazy\" decoding=\"async\" width=\"640\" height=\"481\" src=\"https:\/\/circuitsderando.com\/tourmontblanc\/wp-content\/uploads\/2023\/12\/2003-06-27_06-38-28-maison-tre-le-champ.jpg\" alt=\"\" class=\"wp-image-232\" srcset=\"https:\/\/circuitsderando.com\/tourmontblanc\/wp-content\/uploads\/2023\/12\/2003-06-27_06-38-28-maison-tre-le-champ.jpg 640w, https:\/\/circuitsderando.com\/tourmontblanc\/wp-content\/uploads\/2023\/12\/2003-06-27_06-38-28-maison-tre-le-champ-300x225.jpg 300w\" sizes=\"auto, (max-width: 640px) 100vw, 640px\" \/><\/a><figcaption class=\"wp-element-caption\">Tr\u00e9 le Champ (1417m)<\/figcaption><\/figure>\n<\/div>\n\n\n\n<div class=\"wp-block-column is-layout-flow wp-block-column-is-layout-flow\">\n<figure class=\"wp-block-image size-full\"><a href=\"https:\/\/circuitsderando.com\/tourmontblanc\/wp-content\/uploads\/2023\/12\/2003-06-27_08-21-04-montee-aiguillette-argentiere.jpg\" target=\"_blank\" rel=\"noreferrer noopener\"><img loading=\"lazy\" decoding=\"async\" width=\"640\" height=\"480\" src=\"https:\/\/circuitsderando.com\/tourmontblanc\/wp-content\/uploads\/2023\/12\/2003-06-27_08-21-04-montee-aiguillette-argentiere.jpg\" alt=\"\" class=\"wp-image-233\" srcset=\"https:\/\/circuitsderando.com\/tourmontblanc\/wp-content\/uploads\/2023\/12\/2003-06-27_08-21-04-montee-aiguillette-argentiere.jpg 640w, https:\/\/circuitsderando.com\/tourmontblanc\/wp-content\/uploads\/2023\/12\/2003-06-27_08-21-04-montee-aiguillette-argentiere-300x225.jpg 300w\" sizes=\"auto, (max-width: 640px) 100vw, 640px\" \/><\/a><figcaption class=\"wp-element-caption\">Aiguille d\u2019Argenti\u00e8re (1893m)<\/figcaption><\/figure>\n<\/div>\n\n\n\n<div class=\"wp-block-column is-layout-flow wp-block-column-is-layout-flow\">\n<figure class=\"wp-block-image size-full\"><a href=\"https:\/\/circuitsderando.com\/tourmontblanc\/wp-content\/uploads\/2023\/12\/2003-06-27_08-33-30-mont-blanc-et-aiguille-grands-montets-2.jpg\" target=\"_blank\" rel=\"noreferrer noopener\"><img loading=\"lazy\" decoding=\"async\" width=\"640\" height=\"480\" src=\"https:\/\/circuitsderando.com\/tourmontblanc\/wp-content\/uploads\/2023\/12\/2003-06-27_08-33-30-mont-blanc-et-aiguille-grands-montets-2.jpg\" alt=\"\" class=\"wp-image-235\" style=\"aspect-ratio:4\/3;object-fit:cover\" srcset=\"https:\/\/circuitsderando.com\/tourmontblanc\/wp-content\/uploads\/2023\/12\/2003-06-27_08-33-30-mont-blanc-et-aiguille-grands-montets-2.jpg 640w, https:\/\/circuitsderando.com\/tourmontblanc\/wp-content\/uploads\/2023\/12\/2003-06-27_08-33-30-mont-blanc-et-aiguille-grands-montets-2-300x225.jpg 300w\" sizes=\"auto, (max-width: 640px) 100vw, 640px\" \/><\/a><figcaption class=\"wp-element-caption\">Vue sur le Mont Blanc (4810m)<\/figcaption><\/figure>\n<\/div>\n<\/div>\n\n\n\n<div class=\"wp-block-columns is-layout-flex wp-container-core-columns-is-layout-9d6595d7 wp-block-columns-is-layout-flex\">\n<div class=\"wp-block-column is-layout-flow wp-block-column-is-layout-flow\">\n<figure class=\"wp-block-image size-full\"><a href=\"https:\/\/circuitsderando.com\/tourmontblanc\/wp-content\/uploads\/2023\/12\/2003-06-27_09-35-38-lac-cheserys-et-chardonnet.jpg\" target=\"_blank\" rel=\"noreferrer noopener\"><img loading=\"lazy\" decoding=\"async\" width=\"640\" height=\"480\" src=\"https:\/\/circuitsderando.com\/tourmontblanc\/wp-content\/uploads\/2023\/12\/2003-06-27_09-35-38-lac-cheserys-et-chardonnet.jpg\" alt=\"\" class=\"wp-image-237\" srcset=\"https:\/\/circuitsderando.com\/tourmontblanc\/wp-content\/uploads\/2023\/12\/2003-06-27_09-35-38-lac-cheserys-et-chardonnet.jpg 640w, https:\/\/circuitsderando.com\/tourmontblanc\/wp-content\/uploads\/2023\/12\/2003-06-27_09-35-38-lac-cheserys-et-chardonnet-300x225.jpg 300w\" sizes=\"auto, (max-width: 640px) 100vw, 640px\" \/><\/a><figcaption class=\"wp-element-caption\">Mont Chardonnet (3794m)<\/figcaption><\/figure>\n<\/div>\n\n\n\n<div class=\"wp-block-column is-layout-flow wp-block-column-is-layout-flow\">\n<figure class=\"wp-block-image size-full\"><a href=\"https:\/\/circuitsderando.com\/tourmontblanc\/wp-content\/uploads\/2023\/12\/2003-06-27_09-45-48-lac-cheserys-depuis-refuge-lac-blanc.jpg\" target=\"_blank\" rel=\"noreferrer noopener\"><img loading=\"lazy\" decoding=\"async\" width=\"640\" height=\"480\" src=\"https:\/\/circuitsderando.com\/tourmontblanc\/wp-content\/uploads\/2023\/12\/2003-06-27_09-45-48-lac-cheserys-depuis-refuge-lac-blanc.jpg\" alt=\"\" class=\"wp-image-238\" srcset=\"https:\/\/circuitsderando.com\/tourmontblanc\/wp-content\/uploads\/2023\/12\/2003-06-27_09-45-48-lac-cheserys-depuis-refuge-lac-blanc.jpg 640w, https:\/\/circuitsderando.com\/tourmontblanc\/wp-content\/uploads\/2023\/12\/2003-06-27_09-45-48-lac-cheserys-depuis-refuge-lac-blanc-300x225.jpg 300w\" sizes=\"auto, (max-width: 640px) 100vw, 640px\" \/><\/a><figcaption class=\"wp-element-caption\">Lac Ch\u00e9s\u00e9rys (2169m)<\/figcaption><\/figure>\n<\/div>\n\n\n\n<div class=\"wp-block-column is-layout-flow wp-block-column-is-layout-flow\">\n<figure class=\"wp-block-image size-full\"><a href=\"https:\/\/circuitsderando.com\/tourmontblanc\/wp-content\/uploads\/2023\/12\/2003-06-27_10-04-32-lac-blanc-et-mont-blanc.jpg\" target=\"_blank\" rel=\"noreferrer noopener\"><img loading=\"lazy\" decoding=\"async\" width=\"640\" height=\"480\" src=\"https:\/\/circuitsderando.com\/tourmontblanc\/wp-content\/uploads\/2023\/12\/2003-06-27_10-04-32-lac-blanc-et-mont-blanc.jpg\" alt=\"\" class=\"wp-image-239\" style=\"aspect-ratio:4\/3;object-fit:cover\" srcset=\"https:\/\/circuitsderando.com\/tourmontblanc\/wp-content\/uploads\/2023\/12\/2003-06-27_10-04-32-lac-blanc-et-mont-blanc.jpg 640w, https:\/\/circuitsderando.com\/tourmontblanc\/wp-content\/uploads\/2023\/12\/2003-06-27_10-04-32-lac-blanc-et-mont-blanc-300x225.jpg 300w\" sizes=\"auto, (max-width: 640px) 100vw, 640px\" \/><\/a><figcaption class=\"wp-element-caption\">Ancien refuge du Lac Blanc (2355m)<\/figcaption><\/figure>\n<\/div>\n<\/div>\n\n\n\n<div class=\"wp-block-columns is-layout-flex wp-container-core-columns-is-layout-9d6595d7 wp-block-columns-is-layout-flex\">\n<div class=\"wp-block-column is-layout-flow wp-block-column-is-layout-flow\">\n<figure class=\"wp-block-image size-full\"><a href=\"https:\/\/circuitsderando.com\/tourmontblanc\/wp-content\/uploads\/2023\/12\/2003-06-27_10-09-46-aiguilles-rouges-2.jpg\" target=\"_blank\" rel=\"noreferrer noopener\"><img loading=\"lazy\" decoding=\"async\" width=\"640\" height=\"480\" src=\"https:\/\/circuitsderando.com\/tourmontblanc\/wp-content\/uploads\/2023\/12\/2003-06-27_10-09-46-aiguilles-rouges-2.jpg\" alt=\"\" class=\"wp-image-242\" srcset=\"https:\/\/circuitsderando.com\/tourmontblanc\/wp-content\/uploads\/2023\/12\/2003-06-27_10-09-46-aiguilles-rouges-2.jpg 640w, https:\/\/circuitsderando.com\/tourmontblanc\/wp-content\/uploads\/2023\/12\/2003-06-27_10-09-46-aiguilles-rouges-2-300x225.jpg 300w\" sizes=\"auto, (max-width: 640px) 100vw, 640px\" \/><\/a><figcaption class=\"wp-element-caption\">Aiguilles Rouges (2922m)<\/figcaption><\/figure>\n<\/div>\n\n\n\n<div class=\"wp-block-column is-layout-flow wp-block-column-is-layout-flow\">\n<figure class=\"wp-block-image size-full\"><a href=\"https:\/\/circuitsderando.com\/tourmontblanc\/wp-content\/uploads\/2023\/12\/2003-06-27_11-58-16-mont-blanc-et-flegere-2.jpg\" target=\"_blank\" rel=\"noreferrer noopener\"><img loading=\"lazy\" decoding=\"async\" width=\"640\" height=\"480\" src=\"https:\/\/circuitsderando.com\/tourmontblanc\/wp-content\/uploads\/2023\/12\/2003-06-27_11-58-16-mont-blanc-et-flegere-2.jpg\" alt=\"\" class=\"wp-image-243\" srcset=\"https:\/\/circuitsderando.com\/tourmontblanc\/wp-content\/uploads\/2023\/12\/2003-06-27_11-58-16-mont-blanc-et-flegere-2.jpg 640w, https:\/\/circuitsderando.com\/tourmontblanc\/wp-content\/uploads\/2023\/12\/2003-06-27_11-58-16-mont-blanc-et-flegere-2-300x225.jpg 300w\" sizes=\"auto, (max-width: 640px) 100vw, 640px\" \/><\/a><figcaption class=\"wp-element-caption\">Massif du Mont Blanc (4810m)<\/figcaption><\/figure>\n<\/div>\n\n\n\n<div class=\"wp-block-column is-layout-flow wp-block-column-is-layout-flow\">\n<figure class=\"wp-block-image size-full\"><a href=\"https:\/\/circuitsderando.com\/tourmontblanc\/wp-content\/uploads\/2023\/12\/2003-06-27_12-17-27-la-flegere.jpg\" target=\"_blank\" rel=\"noreferrer noopener\"><img loading=\"lazy\" decoding=\"async\" width=\"640\" height=\"480\" src=\"https:\/\/circuitsderando.com\/tourmontblanc\/wp-content\/uploads\/2023\/12\/2003-06-27_12-17-27-la-flegere.jpg\" alt=\"\" class=\"wp-image-244\" srcset=\"https:\/\/circuitsderando.com\/tourmontblanc\/wp-content\/uploads\/2023\/12\/2003-06-27_12-17-27-la-flegere.jpg 640w, https:\/\/circuitsderando.com\/tourmontblanc\/wp-content\/uploads\/2023\/12\/2003-06-27_12-17-27-la-flegere-300x225.jpg 300w\" sizes=\"auto, (max-width: 640px) 100vw, 640px\" \/><\/a><figcaption class=\"wp-element-caption\">La Fl\u00e9g\u00e8re (1875m)<\/figcaption><\/figure>\n<\/div>\n<\/div>\n\n\n\n<p class=\"has-text-align-right\"><a href=\"https:\/\/www.circuitsderando.com\/tourmontblanc\/la-flegere-les-houches\/\">Etape 10 \u2013 La Fl\u00e9g\u00e8re \u2013 Les Houches &gt;&gt;&gt;<\/a><\/p>\n","protected":false},"excerpt":{"rendered":"<p>Etape 10 \u2013 La Fl\u00e9g\u00e8re \u2013 Les Houches &gt;&gt;&gt;<\/p>\n","protected":false},"author":1,"featured_media":0,"parent":0,"menu_order":0,"comment_status":"closed","ping_status":"closed","template":"templates\/full-width-page.php","meta":{"footnotes":""},"class_list":["post-24","page","type-page","status-publish","hentry"],"yoast_head":"<!-- This site is optimized with the Yoast SEO plugin v26.5 - https:\/\/yoast.com\/wordpress\/plugins\/seo\/ -->\n<title>Etape 9 : Tr\u00e9 le Champ - La Fl\u00e9g\u00e8re - Tour du Mont Blanc<\/title>\n<meta name=\"description\" content=\"Tour du Mont Blanc entre la France, l&#039;Italie et la Suisse. Col de la Seigne Courmayeur Champex Argenti\u00e8re Les Houches - Tr\u00e9 le Champ La Fl\u00e9g\u00e8re\" \/>\n<meta name=\"robots\" content=\"index, follow, max-snippet:-1, max-image-preview:large, max-video-preview:-1\" \/>\n<link rel=\"canonical\" href=\"https:\/\/circuitsderando.com\/tourmontblanc\/tre-le-champ-la-flegere\/\" \/>\n<meta property=\"og:locale\" content=\"fr_FR\" \/>\n<meta property=\"og:type\" content=\"article\" \/>\n<meta property=\"og:title\" content=\"Etape 9 : Tr\u00e9 le Champ - La Fl\u00e9g\u00e8re - Tour du Mont Blanc\" \/>\n<meta property=\"og:description\" content=\"Tour du Mont Blanc entre la France, l&#039;Italie et la Suisse. Col de la Seigne Courmayeur Champex Argenti\u00e8re Les Houches - Tr\u00e9 le Champ La Fl\u00e9g\u00e8re\" \/>\n<meta property=\"og:url\" content=\"https:\/\/circuitsderando.com\/tourmontblanc\/tre-le-champ-la-flegere\/\" \/>\n<meta property=\"og:site_name\" content=\"Tour du Mont Blanc\" \/>\n<meta property=\"article:modified_time\" content=\"2025-12-07T15:51:30+00:00\" \/>\n<meta property=\"og:image\" content=\"https:\/\/circuitsderando.com\/tourmontblanc\/wp-content\/uploads\/2023\/12\/2003-06-27_06-38-28-maison-tre-le-champ.jpg\" \/>\n\t<meta property=\"og:image:width\" content=\"640\" \/>\n\t<meta property=\"og:image:height\" content=\"481\" \/>\n\t<meta property=\"og:image:type\" content=\"image\/jpeg\" \/>\n<meta name=\"twitter:card\" content=\"summary_large_image\" \/>\n<meta name=\"twitter:label1\" content=\"Dur\u00e9e de lecture estim\u00e9e\" \/>\n\t<meta name=\"twitter:data1\" content=\"3 minutes\" \/>\n<script type=\"application\/ld+json\" class=\"yoast-schema-graph\">{\"@context\":\"https:\/\/schema.org\",\"@graph\":[{\"@type\":\"WebPage\",\"@id\":\"https:\/\/circuitsderando.com\/tourmontblanc\/tre-le-champ-la-flegere\/\",\"url\":\"https:\/\/circuitsderando.com\/tourmontblanc\/tre-le-champ-la-flegere\/\",\"name\":\"Etape 9 : Tr\u00e9 le Champ - La Fl\u00e9g\u00e8re - Tour du Mont Blanc\",\"isPartOf\":{\"@id\":\"https:\/\/circuitsderando.com\/tourmontblanc\/#website\"},\"primaryImageOfPage\":{\"@id\":\"https:\/\/circuitsderando.com\/tourmontblanc\/tre-le-champ-la-flegere\/#primaryimage\"},\"image\":{\"@id\":\"https:\/\/circuitsderando.com\/tourmontblanc\/tre-le-champ-la-flegere\/#primaryimage\"},\"thumbnailUrl\":\"https:\/\/circuitsderando.com\/tourmontblanc\/wp-content\/uploads\/2023\/12\/2003-06-27_06-38-28-maison-tre-le-champ.jpg\",\"datePublished\":\"2023-12-23T08:24:25+00:00\",\"dateModified\":\"2025-12-07T15:51:30+00:00\",\"description\":\"Tour du Mont Blanc entre la France, l'Italie et la Suisse. Col de la Seigne Courmayeur Champex Argenti\u00e8re Les Houches - Tr\u00e9 le Champ La Fl\u00e9g\u00e8re\",\"breadcrumb\":{\"@id\":\"https:\/\/circuitsderando.com\/tourmontblanc\/tre-le-champ-la-flegere\/#breadcrumb\"},\"inLanguage\":\"fr-FR\",\"potentialAction\":[{\"@type\":\"ReadAction\",\"target\":[\"https:\/\/circuitsderando.com\/tourmontblanc\/tre-le-champ-la-flegere\/\"]}]},{\"@type\":\"ImageObject\",\"inLanguage\":\"fr-FR\",\"@id\":\"https:\/\/circuitsderando.com\/tourmontblanc\/tre-le-champ-la-flegere\/#primaryimage\",\"url\":\"https:\/\/circuitsderando.com\/tourmontblanc\/wp-content\/uploads\/2023\/12\/2003-06-27_06-38-28-maison-tre-le-champ.jpg\",\"contentUrl\":\"https:\/\/circuitsderando.com\/tourmontblanc\/wp-content\/uploads\/2023\/12\/2003-06-27_06-38-28-maison-tre-le-champ.jpg\"},{\"@type\":\"BreadcrumbList\",\"@id\":\"https:\/\/circuitsderando.com\/tourmontblanc\/tre-le-champ-la-flegere\/#breadcrumb\",\"itemListElement\":[{\"@type\":\"ListItem\",\"position\":1,\"name\":\"Tour du Mont Blanc\",\"item\":\"https:\/\/circuitsderando.com\/tourmontblanc\/\"},{\"@type\":\"ListItem\",\"position\":2,\"name\":\"Etape 9 : Tr\u00e9 le Champ &#8211; La Fl\u00e9g\u00e8re\"}]},{\"@type\":\"WebSite\",\"@id\":\"https:\/\/circuitsderando.com\/tourmontblanc\/#website\",\"url\":\"https:\/\/circuitsderando.com\/tourmontblanc\/\",\"name\":\"Tour du Mont Blanc\",\"description\":\"\",\"publisher\":{\"@id\":\"https:\/\/circuitsderando.com\/tourmontblanc\/#organization\"},\"potentialAction\":[{\"@type\":\"SearchAction\",\"target\":{\"@type\":\"EntryPoint\",\"urlTemplate\":\"https:\/\/circuitsderando.com\/tourmontblanc\/?s={search_term_string}\"},\"query-input\":{\"@type\":\"PropertyValueSpecification\",\"valueRequired\":true,\"valueName\":\"search_term_string\"}}],\"inLanguage\":\"fr-FR\"},{\"@type\":\"Organization\",\"@id\":\"https:\/\/circuitsderando.com\/tourmontblanc\/#organization\",\"name\":\"Tour du Mont Blanc\",\"url\":\"https:\/\/circuitsderando.com\/tourmontblanc\/\",\"logo\":{\"@type\":\"ImageObject\",\"inLanguage\":\"fr-FR\",\"@id\":\"https:\/\/circuitsderando.com\/tourmontblanc\/#\/schema\/logo\/image\/\",\"url\":\"https:\/\/circuitsderando.com\/tourmontblanc\/wp-content\/uploads\/2023\/12\/carte.gif\",\"contentUrl\":\"https:\/\/circuitsderando.com\/tourmontblanc\/wp-content\/uploads\/2023\/12\/carte.gif\",\"width\":400,\"height\":400,\"caption\":\"Tour du Mont Blanc\"},\"image\":{\"@id\":\"https:\/\/circuitsderando.com\/tourmontblanc\/#\/schema\/logo\/image\/\"}}]}<\/script>\n<!-- \/ Yoast SEO plugin. -->","yoast_head_json":{"title":"Etape 9 : Tr\u00e9 le Champ - La Fl\u00e9g\u00e8re - Tour du Mont Blanc","description":"Tour du Mont Blanc entre la France, l'Italie et la Suisse. Col de la Seigne Courmayeur Champex Argenti\u00e8re Les Houches - Tr\u00e9 le Champ La Fl\u00e9g\u00e8re","robots":{"index":"index","follow":"follow","max-snippet":"max-snippet:-1","max-image-preview":"max-image-preview:large","max-video-preview":"max-video-preview:-1"},"canonical":"https:\/\/circuitsderando.com\/tourmontblanc\/tre-le-champ-la-flegere\/","og_locale":"fr_FR","og_type":"article","og_title":"Etape 9 : Tr\u00e9 le Champ - La Fl\u00e9g\u00e8re - Tour du Mont Blanc","og_description":"Tour du Mont Blanc entre la France, l'Italie et la Suisse. Col de la Seigne Courmayeur Champex Argenti\u00e8re Les Houches - Tr\u00e9 le Champ La Fl\u00e9g\u00e8re","og_url":"https:\/\/circuitsderando.com\/tourmontblanc\/tre-le-champ-la-flegere\/","og_site_name":"Tour du Mont Blanc","article_modified_time":"2025-12-07T15:51:30+00:00","og_image":[{"width":640,"height":481,"url":"https:\/\/circuitsderando.com\/tourmontblanc\/wp-content\/uploads\/2023\/12\/2003-06-27_06-38-28-maison-tre-le-champ.jpg","type":"image\/jpeg"}],"twitter_card":"summary_large_image","twitter_misc":{"Dur\u00e9e de lecture estim\u00e9e":"3 minutes"},"schema":{"@context":"https:\/\/schema.org","@graph":[{"@type":"WebPage","@id":"https:\/\/circuitsderando.com\/tourmontblanc\/tre-le-champ-la-flegere\/","url":"https:\/\/circuitsderando.com\/tourmontblanc\/tre-le-champ-la-flegere\/","name":"Etape 9 : Tr\u00e9 le Champ - La Fl\u00e9g\u00e8re - Tour du Mont Blanc","isPartOf":{"@id":"https:\/\/circuitsderando.com\/tourmontblanc\/#website"},"primaryImageOfPage":{"@id":"https:\/\/circuitsderando.com\/tourmontblanc\/tre-le-champ-la-flegere\/#primaryimage"},"image":{"@id":"https:\/\/circuitsderando.com\/tourmontblanc\/tre-le-champ-la-flegere\/#primaryimage"},"thumbnailUrl":"https:\/\/circuitsderando.com\/tourmontblanc\/wp-content\/uploads\/2023\/12\/2003-06-27_06-38-28-maison-tre-le-champ.jpg","datePublished":"2023-12-23T08:24:25+00:00","dateModified":"2025-12-07T15:51:30+00:00","description":"Tour du Mont Blanc entre la France, l'Italie et la Suisse. Col de la Seigne Courmayeur Champex Argenti\u00e8re Les Houches - Tr\u00e9 le Champ La Fl\u00e9g\u00e8re","breadcrumb":{"@id":"https:\/\/circuitsderando.com\/tourmontblanc\/tre-le-champ-la-flegere\/#breadcrumb"},"inLanguage":"fr-FR","potentialAction":[{"@type":"ReadAction","target":["https:\/\/circuitsderando.com\/tourmontblanc\/tre-le-champ-la-flegere\/"]}]},{"@type":"ImageObject","inLanguage":"fr-FR","@id":"https:\/\/circuitsderando.com\/tourmontblanc\/tre-le-champ-la-flegere\/#primaryimage","url":"https:\/\/circuitsderando.com\/tourmontblanc\/wp-content\/uploads\/2023\/12\/2003-06-27_06-38-28-maison-tre-le-champ.jpg","contentUrl":"https:\/\/circuitsderando.com\/tourmontblanc\/wp-content\/uploads\/2023\/12\/2003-06-27_06-38-28-maison-tre-le-champ.jpg"},{"@type":"BreadcrumbList","@id":"https:\/\/circuitsderando.com\/tourmontblanc\/tre-le-champ-la-flegere\/#breadcrumb","itemListElement":[{"@type":"ListItem","position":1,"name":"Tour du Mont Blanc","item":"https:\/\/circuitsderando.com\/tourmontblanc\/"},{"@type":"ListItem","position":2,"name":"Etape 9 : Tr\u00e9 le Champ &#8211; La Fl\u00e9g\u00e8re"}]},{"@type":"WebSite","@id":"https:\/\/circuitsderando.com\/tourmontblanc\/#website","url":"https:\/\/circuitsderando.com\/tourmontblanc\/","name":"Tour du Mont Blanc","description":"","publisher":{"@id":"https:\/\/circuitsderando.com\/tourmontblanc\/#organization"},"potentialAction":[{"@type":"SearchAction","target":{"@type":"EntryPoint","urlTemplate":"https:\/\/circuitsderando.com\/tourmontblanc\/?s={search_term_string}"},"query-input":{"@type":"PropertyValueSpecification","valueRequired":true,"valueName":"search_term_string"}}],"inLanguage":"fr-FR"},{"@type":"Organization","@id":"https:\/\/circuitsderando.com\/tourmontblanc\/#organization","name":"Tour du Mont Blanc","url":"https:\/\/circuitsderando.com\/tourmontblanc\/","logo":{"@type":"ImageObject","inLanguage":"fr-FR","@id":"https:\/\/circuitsderando.com\/tourmontblanc\/#\/schema\/logo\/image\/","url":"https:\/\/circuitsderando.com\/tourmontblanc\/wp-content\/uploads\/2023\/12\/carte.gif","contentUrl":"https:\/\/circuitsderando.com\/tourmontblanc\/wp-content\/uploads\/2023\/12\/carte.gif","width":400,"height":400,"caption":"Tour du Mont Blanc"},"image":{"@id":"https:\/\/circuitsderando.com\/tourmontblanc\/#\/schema\/logo\/image\/"}}]}},"_links":{"self":[{"href":"https:\/\/circuitsderando.com\/tourmontblanc\/wp-json\/wp\/v2\/pages\/24","targetHints":{"allow":["GET"]}}],"collection":[{"href":"https:\/\/circuitsderando.com\/tourmontblanc\/wp-json\/wp\/v2\/pages"}],"about":[{"href":"https:\/\/circuitsderando.com\/tourmontblanc\/wp-json\/wp\/v2\/types\/page"}],"author":[{"embeddable":true,"href":"https:\/\/circuitsderando.com\/tourmontblanc\/wp-json\/wp\/v2\/users\/1"}],"replies":[{"embeddable":true,"href":"https:\/\/circuitsderando.com\/tourmontblanc\/wp-json\/wp\/v2\/comments?post=24"}],"version-history":[{"count":11,"href":"https:\/\/circuitsderando.com\/tourmontblanc\/wp-json\/wp\/v2\/pages\/24\/revisions"}],"predecessor-version":[{"id":285,"href":"https:\/\/circuitsderando.com\/tourmontblanc\/wp-json\/wp\/v2\/pages\/24\/revisions\/285"}],"wp:attachment":[{"href":"https:\/\/circuitsderando.com\/tourmontblanc\/wp-json\/wp\/v2\/media?parent=24"}],"curies":[{"name":"wp","href":"https:\/\/api.w.org\/{rel}","templated":true}]}}